{"id":6873,"date":"2026-02-19T08:46:03","date_gmt":"2026-02-19T08:46:03","guid":{"rendered":"https:\/\/chateaupenin.com\/?page_id=6873"},"modified":"2026-02-20T14:53:30","modified_gmt":"2026-02-20T14:53:30","slug":"elementor-6855-2","status":"publish","type":"page","link":"https:\/\/chateaupenin.com\/en\/elementor-6855-2\/","title":{"rendered":""},"content":{"rendered":"<div data-elementor-type=\"wp-page\" data-elementor-id=\"6873\" class=\"elementor elementor-6873\" data-elementor-post-type=\"page\">\n\t\t\t\t\t\t<section class=\"elementor-section elementor-top-section elementor-element elementor-element-d6f90e8 elementor-section-height-min-height elementor-section-boxed elementor-section-height-default elementor-section-items-middle\" data-id=\"d6f90e8\" data-element_type=\"section\" data-e-type=\"section\">\n\t\t\t\t\t\t<div class=\"elementor-container elementor-column-gap-narrow\">\n\t\t\t\t\t<div class=\"elementor-column elementor-col-100 elementor-top-column elementor-element elementor-element-fec40ec\" data-id=\"fec40ec\" data-element_type=\"column\" data-e-type=\"column\">\n\t\t\t<div class=\"elementor-widget-wrap elementor-element-populated\">\n\t\t\t\t\t\t<div class=\"elementor-element elementor-element-0772dfa elementor-widget__width-initial elementor-widget elementor-widget-image\" data-id=\"0772dfa\" data-element_type=\"widget\" data-e-type=\"widget\" data-widget_type=\"image.default\">\n\t\t\t\t<div class=\"elementor-widget-container\">\n\t\t\t\t\t\t\t\t\t\t\t\t\t\t\t<img fetchpriority=\"high\" decoding=\"async\" width=\"1436\" height=\"1268\" src=\"https:\/\/chateaupenin.com\/wp-content\/uploads\/2026\/01\/Arbre-1-1.jpg\" class=\"attachment-full size-full wp-image-6187\" alt=\"L&#039;arbre du grand p\u00e8re au milieu des vignes\" srcset=\"https:\/\/chateaupenin.com\/wp-content\/uploads\/2026\/01\/Arbre-1-1.jpg 1436w, https:\/\/chateaupenin.com\/wp-content\/uploads\/2026\/01\/Arbre-1-1-300x265.jpg 300w, https:\/\/chateaupenin.com\/wp-content\/uploads\/2026\/01\/Arbre-1-1-1024x904.jpg 1024w, https:\/\/chateaupenin.com\/wp-content\/uploads\/2026\/01\/Arbre-1-1-768x678.jpg 768w, https:\/\/chateaupenin.com\/wp-content\/uploads\/2026\/01\/Arbre-1-1-14x12.jpg 14w\" sizes=\"(max-width: 1436px) 100vw, 1436px\" \/>\t\t\t\t\t\t\t\t\t\t\t\t\t\t\t<\/div>\n\t\t\t\t<\/div>\n\t\t\t\t\t<\/div>\n\t\t<\/div>\n\t\t\t\t\t<\/div>\n\t\t<\/section>\n\t\t\t\t<section class=\"elementor-section elementor-top-section elementor-element elementor-element-24e98ec elementor-section-boxed elementor-section-height-default elementor-section-height-default\" data-id=\"24e98ec\" data-element_type=\"section\" data-e-type=\"section\">\n\t\t\t\t\t\t<div class=\"elementor-container elementor-column-gap-default\">\n\t\t\t\t\t<div class=\"elementor-column elementor-col-100 elementor-top-column elementor-element elementor-element-b882341\" data-id=\"b882341\" data-element_type=\"column\" data-e-type=\"column\">\n\t\t\t<div class=\"elementor-widget-wrap elementor-element-populated\">\n\t\t\t\t\t\t<div class=\"elementor-element elementor-element-8f0268f elementor-widget elementor-widget-spacer\" data-id=\"8f0268f\" data-element_type=\"widget\" data-e-type=\"widget\" data-widget_type=\"spacer.default\">\n\t\t\t\t<div class=\"elementor-widget-container\">\n\t\t\t\t\t\t\t<div class=\"elementor-spacer\">\n\t\t\t<div class=\"elementor-spacer-inner\"><\/div>\n\t\t<\/div>\n\t\t\t\t\t\t<\/div>\n\t\t\t\t<\/div>\n\t\t\t\t\t<\/div>\n\t\t<\/div>\n\t\t\t\t\t<\/div>\n\t\t<\/section>\n\t\t\t\t<section class=\"elementor-section elementor-top-section elementor-element elementor-element-c0c89fa elementor-section-boxed elementor-section-height-default elementor-section-height-default\" data-id=\"c0c89fa\" data-element_type=\"section\" data-e-type=\"section\">\n\t\t\t\t\t\t<div class=\"elementor-container elementor-column-gap-default\">\n\t\t\t\t\t<div class=\"elementor-column elementor-col-50 elementor-top-column elementor-element elementor-element-0bd88e6\" data-id=\"0bd88e6\" data-element_type=\"column\" data-e-type=\"column\">\n\t\t\t<div class=\"elementor-widget-wrap elementor-element-populated\">\n\t\t\t\t\t\t<div class=\"elementor-element elementor-element-85b205a elementor-arrows-position-inside elementor-pagination-position-outside elementor-widget elementor-widget-image-carousel\" data-id=\"85b205a\" data-element_type=\"widget\" data-e-type=\"widget\" data-settings=\"{&quot;slides_to_show&quot;:&quot;1&quot;,&quot;navigation&quot;:&quot;both&quot;,&quot;autoplay&quot;:&quot;yes&quot;,&quot;pause_on_hover&quot;:&quot;yes&quot;,&quot;pause_on_interaction&quot;:&quot;yes&quot;,&quot;autoplay_speed&quot;:5000,&quot;infinite&quot;:&quot;yes&quot;,&quot;effect&quot;:&quot;slide&quot;,&quot;speed&quot;:500}\" data-widget_type=\"image-carousel.default\">\n\t\t\t\t<div class=\"elementor-widget-container\">\n\t\t\t\t\t\t\t<div class=\"elementor-image-carousel-wrapper swiper\" role=\"region\" aria-roledescription=\"carousel\" aria-label=\"Carrousel d\u2019images\" dir=\"ltr\">\n\t\t\t<div class=\"elementor-image-carousel swiper-wrapper\" aria-live=\"off\">\n\t\t\t\t\t\t\t\t<div class=\"swiper-slide\" role=\"group\" aria-roledescription=\"slide\" aria-label=\"1 of 4\" data-no-translation-aria-label=\"\"><figure class=\"swiper-slide-inner\"><img decoding=\"async\" class=\"swiper-slide-image\" src=\"https:\/\/chateaupenin.com\/wp-content\/uploads\/2026\/01\/251112_VA_Penin_0425-1.png\" alt=\"D\u00e9gustation entre fr\u00e8re Carteyron au ch\u00e2teau Penin\" \/><\/figure><\/div><div class=\"swiper-slide\" role=\"group\" aria-roledescription=\"slide\" aria-label=\"2 of 4\" data-no-translation-aria-label=\"\"><figure class=\"swiper-slide-inner\"><img decoding=\"async\" class=\"swiper-slide-image\" src=\"https:\/\/chateaupenin.com\/wp-content\/uploads\/2026\/01\/251112_VA_Penin_0299.jpeg\" alt=\"Cuve diamant chez Chateau Penin pour une \u00e9levage fin\" \/><\/figure><\/div><div class=\"swiper-slide\" role=\"group\" aria-roledescription=\"slide\" aria-label=\"3 of 4\" data-no-translation-aria-label=\"\"><figure class=\"swiper-slide-inner\"><img decoding=\"async\" class=\"swiper-slide-image\" src=\"https:\/\/chateaupenin.com\/wp-content\/uploads\/2025\/12\/Poulet-1366x2048.jpg\" alt=\"Etienne goute le raisin de Chateau Penin\" \/><\/figure><\/div><div class=\"swiper-slide\" role=\"group\" aria-roledescription=\"slide\" aria-label=\"4 of 4\" data-no-translation-aria-label=\"\"><figure class=\"swiper-slide-inner\"><img decoding=\"async\" class=\"swiper-slide-image\" src=\"https:\/\/chateaupenin.com\/wp-content\/uploads\/2026\/01\/251112_VA_Penin_0311-1.jpeg\" alt=\"oeuf b\u00e9ton \u00e9levage sur lies \u00e0 ch\u00e2teau Penin\" \/><\/figure><\/div>\t\t\t<\/div>\n\t\t\t\t\t\t\t\t\t\t\t\t<div class=\"elementor-swiper-button elementor-swiper-button-prev\" role=\"button\" tabindex=\"0\">\n\t\t\t\t\t\t<i aria-hidden=\"true\" class=\"eicon-chevron-left\"><\/i>\t\t\t\t\t<\/div>\n\t\t\t\t\t<div class=\"elementor-swiper-button elementor-swiper-button-next\" role=\"button\" tabindex=\"0\">\n\t\t\t\t\t\t<i aria-hidden=\"true\" class=\"eicon-chevron-right\"><\/i>\t\t\t\t\t<\/div>\n\t\t\t\t\n\t\t\t\t\t\t\t\t\t<div class=\"swiper-pagination\"><\/div>\n\t\t\t\t\t\t\t\t\t<\/div>\n\t\t\t\t\t\t<\/div>\n\t\t\t\t<\/div>\n\t\t\t\t\t<\/div>\n\t\t<\/div>\n\t\t\t\t<div class=\"elementor-column elementor-col-50 elementor-top-column elementor-element elementor-element-8da4801\" data-id=\"8da4801\" data-element_type=\"column\" data-e-type=\"column\">\n\t\t\t<div class=\"elementor-widget-wrap elementor-element-populated\">\n\t\t\t\t\t\t<div class=\"elementor-element elementor-element-a96984c elementor-widget__width-initial elementor-widget elementor-widget-text-editor\" data-id=\"a96984c\" data-element_type=\"widget\" data-e-type=\"widget\" data-widget_type=\"text-editor.default\">\n\t\t\t\t<div class=\"elementor-widget-container\">\n\t\t\t\t\t\t\t\t\t<h6 dir=\"ltr\"><span style=\"letter-spacing: 0.1px; font-size: 18px;\">&nbsp;<\/span><\/h6>\n<div dir=\"ltr\"><\/div>\n<div dir=\"ltr\"><\/div>\n<div dir=\"ltr\"><\/div>\n<div dir=\"ltr\"><\/div>\n<div dir=\"ltr\"><\/div>\n<div dir=\"ltr\"><\/div>\n<div dir=\"ltr\"><\/div>\n<div dir=\"ltr\"><\/div>\n<div dir=\"ltr\"><span style=\"letter-spacing: 0.1px;\"><br><\/span><\/div>\n<p><br><\/p>\n<p><br><\/p>\n<p><br><\/p>\n<div dir=\"ltr\"><span style=\"letter-spacing: 0.1px;\"><br><\/span><\/div>\n<div dir=\"ltr\"><span style=\"letter-spacing: 0.1px;\"><br><\/span><\/div>\n<div dir=\"ltr\"><span style=\"letter-spacing: 0.1px;\">&nbsp;<\/span><br><\/div><p><br><\/p><p><br><\/p>\n<div dir=\"ltr\">\n<p><span style=\"letter-spacing: 0.1px;\">We are convinced that there is a form of viticulture embodied by winemakers who seek not nobility but authenticity; winemakers who practice a committed form of viticulture without dogmatism; winemakers who strive to express their terroir and their convictions, while never forgetting that wine is, above all, about sharing. Winemakers who take their craft seriously without taking themselves too seriously. This is the viticulture we stand for.&nbsp;<\/span><\/p>\n<p><span style=\"letter-spacing: 0.1px; word-spacing: 0.1px;\">&nbsp;<\/span><\/p>\n<p><span style=\"letter-spacing: 0.1px; word-spacing: 0.1px;\">We seek to create distinctive wines that carry our values of conviviality and immediate pleasure\u2014wines that reflect a constant pursuit of balance and the typicity of our different terroirs (clay-limestone and gravel soils).<\/span><\/p>\n<\/div>\t\t\t\t\t\t\t\t<\/div>\n\t\t\t\t<\/div>\n\t\t\t\t\t<\/div>\n\t\t<\/div>\n\t\t\t\t\t<\/div>\n\t\t<\/section>\n\t\t\t\t<section class=\"elementor-section elementor-top-section elementor-element elementor-element-33cbbc9 elementor-section-boxed elementor-section-height-default elementor-section-height-default\" data-id=\"33cbbc9\" data-element_type=\"section\" data-e-type=\"section\">\n\t\t\t\t\t\t<div class=\"elementor-container elementor-column-gap-default\">\n\t\t\t\t\t<div class=\"elementor-column elementor-col-100 elementor-top-column elementor-element elementor-element-4d12144\" data-id=\"4d12144\" data-element_type=\"column\" data-e-type=\"column\">\n\t\t\t<div class=\"elementor-widget-wrap elementor-element-populated\">\n\t\t\t\t\t\t<div class=\"elementor-element elementor-element-61299dd elementor-arrows-position-inside elementor-pagination-position-outside elementor-widget elementor-widget-image-carousel\" data-id=\"61299dd\" data-element_type=\"widget\" data-e-type=\"widget\" data-settings=\"{&quot;slides_to_show&quot;:&quot;1&quot;,&quot;navigation&quot;:&quot;both&quot;,&quot;autoplay&quot;:&quot;yes&quot;,&quot;pause_on_hover&quot;:&quot;yes&quot;,&quot;pause_on_interaction&quot;:&quot;yes&quot;,&quot;autoplay_speed&quot;:5000,&quot;infinite&quot;:&quot;yes&quot;,&quot;effect&quot;:&quot;slide&quot;,&quot;speed&quot;:500}\" data-widget_type=\"image-carousel.default\">\n\t\t\t\t<div class=\"elementor-widget-container\">\n\t\t\t\t\t\t\t<div class=\"elementor-image-carousel-wrapper swiper\" role=\"region\" aria-roledescription=\"carousel\" aria-label=\"Carrousel d\u2019images\" dir=\"ltr\">\n\t\t\t<div class=\"elementor-image-carousel swiper-wrapper\" aria-live=\"off\">\n\t\t\t\t\t\t\t\t<div class=\"swiper-slide\" role=\"group\" aria-roledescription=\"slide\" aria-label=\"1 of 2\" data-no-translation-aria-label=\"\"><figure class=\"swiper-slide-inner\"><img decoding=\"async\" class=\"swiper-slide-image\" src=\"https:\/\/chateaupenin.com\/wp-content\/uploads\/2026\/01\/251112_VA_Penin_0471.jpeg\" alt=\"Agroforesterie et agro-\u00e9cologie \u00e0 Ch\u00e2teau Penin\" \/><\/figure><\/div><div class=\"swiper-slide\" role=\"group\" aria-roledescription=\"slide\" aria-label=\"2 of 2\" data-no-translation-aria-label=\"\"><figure class=\"swiper-slide-inner\"><img decoding=\"async\" class=\"swiper-slide-image\" src=\"https:\/\/chateaupenin.com\/wp-content\/uploads\/2026\/01\/251112_VA_Penin_0463.jpeg\" alt=\"carassonnage, secaillage dans les vignes\" \/><\/figure><\/div>\t\t\t<\/div>\n\t\t\t\t\t\t\t\t\t\t\t\t<div class=\"elementor-swiper-button elementor-swiper-button-prev\" role=\"button\" tabindex=\"0\">\n\t\t\t\t\t\t<i aria-hidden=\"true\" class=\"eicon-chevron-left\"><\/i>\t\t\t\t\t<\/div>\n\t\t\t\t\t<div class=\"elementor-swiper-button elementor-swiper-button-next\" role=\"button\" tabindex=\"0\">\n\t\t\t\t\t\t<i aria-hidden=\"true\" class=\"eicon-chevron-right\"><\/i>\t\t\t\t\t<\/div>\n\t\t\t\t\n\t\t\t\t\t\t\t\t\t<div class=\"swiper-pagination\"><\/div>\n\t\t\t\t\t\t\t\t\t<\/div>\n\t\t\t\t\t\t<\/div>\n\t\t\t\t<\/div>\n\t\t\t\t\t<\/div>\n\t\t<\/div>\n\t\t\t\t\t<\/div>\n\t\t<\/section>\n\t\t\t\t<\/div>","protected":false},"excerpt":{"rendered":"<p>&nbsp; &nbsp; We are convinced that there is a form of viticulture embodied by winemakers who seek not nobility but authenticity; winemakers who practice a committed form of viticulture without dogmatism; winemakers who strive to express their terroir and their convictions, while never forgetting that wine is, above all, about sharing. Winemakers who take their [&hellip;]<\/p>","protected":false},"author":3,"featured_media":0,"parent":0,"menu_order":0,"comment_status":"closed","ping_status":"closed","template":"","meta":{"_seopress_robots_primary_cat":"","_seopress_titles_title":"Accueil","_seopress_titles_desc":"Ch\u00e2teau Penin - Vignoble certifi\u00e9 Haute Valeur Environnementale\r\nLa commune de G\u00e9nissac fait face \u00e0 la cit\u00e9 M\u00e9di\u00e9vale de Saint-Emilion","_seopress_robots_index":"","footnotes":""},"class_list":["post-6873","page","type-page","status-publish","hentry"],"_links":{"self":[{"href":"https:\/\/chateaupenin.com\/en\/wp-json\/wp\/v2\/pages\/6873","targetHints":{"allow":["GET"]}}],"collection":[{"href":"https:\/\/chateaupenin.com\/en\/wp-json\/wp\/v2\/pages"}],"about":[{"href":"https:\/\/chateaupenin.com\/en\/wp-json\/wp\/v2\/types\/page"}],"author":[{"embeddable":true,"href":"https:\/\/chateaupenin.com\/en\/wp-json\/wp\/v2\/users\/3"}],"replies":[{"embeddable":true,"href":"https:\/\/chateaupenin.com\/en\/wp-json\/wp\/v2\/comments?post=6873"}],"version-history":[{"count":7,"href":"https:\/\/chateaupenin.com\/en\/wp-json\/wp\/v2\/pages\/6873\/revisions"}],"predecessor-version":[{"id":6919,"href":"https:\/\/chateaupenin.com\/en\/wp-json\/wp\/v2\/pages\/6873\/revisions\/6919"}],"wp:attachment":[{"href":"https:\/\/chateaupenin.com\/en\/wp-json\/wp\/v2\/media?parent=6873"}],"curies":[{"name":"wp","href":"https:\/\/api.w.org\/{rel}","templated":true}]}}