{"id":5189,"date":"2020-12-11T09:19:34","date_gmt":"2020-12-11T09:19:34","guid":{"rendered":"https:\/\/chateaupenin.com\/?page_id=5189"},"modified":"2024-08-26T08:50:13","modified_gmt":"2024-08-26T08:50:13","slug":"mentions-legales","status":"publish","type":"page","link":"https:\/\/chateaupenin.com\/en\/mentions-legales\/","title":{"rendered":"Legal notices"},"content":{"rendered":"<div data-elementor-type=\"wp-page\" data-elementor-id=\"5189\" class=\"elementor elementor-5189\" data-elementor-post-type=\"page\">\n\t\t\t\t\t\t<section class=\"elementor-section elementor-top-section elementor-element elementor-element-fb97de8 elementor-section-boxed elementor-section-height-default elementor-section-height-default\" data-id=\"fb97de8\" data-element_type=\"section\" data-e-type=\"section\" data-settings=\"{&quot;background_background&quot;:&quot;classic&quot;}\">\n\t\t\t\t\t\t<div class=\"elementor-container elementor-column-gap-default\">\n\t\t\t\t\t<div class=\"elementor-column elementor-col-100 elementor-top-column elementor-element elementor-element-177f4e1\" data-id=\"177f4e1\" data-element_type=\"column\" data-e-type=\"column\">\n\t\t\t<div class=\"elementor-widget-wrap elementor-element-populated\">\n\t\t\t\t\t\t<div class=\"elementor-element elementor-element-16d822e elementor-widget elementor-widget-heading\" data-id=\"16d822e\" data-element_type=\"widget\" data-e-type=\"widget\" data-widget_type=\"heading.default\">\n\t\t\t\t<div class=\"elementor-widget-container\">\n\t\t\t\t\t<h2 class=\"elementor-heading-title elementor-size-default\">Legal notices<\/h2>\t\t\t\t<\/div>\n\t\t\t\t<\/div>\n\t\t\t\t\t<\/div>\n\t\t<\/div>\n\t\t\t\t\t<\/div>\n\t\t<\/section>\n\t\t\t\t<section class=\"elementor-section elementor-top-section elementor-element elementor-element-575b85c elementor-section-boxed elementor-section-height-default elementor-section-height-default\" data-id=\"575b85c\" data-element_type=\"section\" data-e-type=\"section\">\n\t\t\t\t\t\t<div class=\"elementor-container elementor-column-gap-default\">\n\t\t\t\t\t<div class=\"elementor-column elementor-col-100 elementor-top-column elementor-element elementor-element-e450392\" data-id=\"e450392\" data-element_type=\"column\" data-e-type=\"column\">\n\t\t\t<div class=\"elementor-widget-wrap elementor-element-populated\">\n\t\t\t\t\t\t<div class=\"elementor-element elementor-element-2e2af2b elementor-widget elementor-widget-text-editor\" data-id=\"2e2af2b\" data-element_type=\"widget\" data-e-type=\"widget\" data-widget_type=\"text-editor.default\">\n\t\t\t\t<div class=\"elementor-widget-container\">\n\t\t\t\t\t\t\t\t\t<p class=\"font_8\"><strong>DIRECTION PUBLICATION<\/strong><\/p><p class=\"font_8\">GFA CHATEAU PENIN<\/p><p class=\"font_8\">Couponne, 33420 G\u00e9nissac<\/p><p class=\"font_8\">Num\u00e9ro de siret : 40913846800015<\/p><p class=\"font_8\">vignoblescarteyron@orange.fr\u00a0<\/p><p class=\"font_8\">05 57 24 46 98<\/p><p class=\"font_8\">\u200b<\/p><p class=\"font_8\">\u200b<\/p><p class=\"font_8\"><strong>DIRECTION ARTISTIQUE ET H\u00c9BERGEMENT\u200b<\/strong><\/p><p class=\"font_8\">Site r\u00e9alis\u00e9 et h\u00e9berg\u00e9 par l\u2019agence ELAB<\/p><p class=\"font_8\">16 Cours du G\u00e9n\u00e9ral De Gaulle 33170 Gradignan\u00a0<\/p><p class=\"font_8\">\u200b<\/p><p class=\"font_8\"><strong>LOI INFORMATIQUE ET LIBERT\u00c9S<\/strong><\/p><p class=\"font_8\">Conform\u00e9ment \u00e0 la loi Informatique et libert\u00e9s du 6 janvier 1978, nous vous informons que vous disposez d\u2019un droit d\u2019acc\u00e8s, de modification, de rectification et de suppression de votre contribution. Pour cela, \u00e9crivez au si\u00e8ge de la soci\u00e9t\u00e9.<\/p><p class=\"font_8\">Formulaire de contact : Les informations recueillies aupr\u00e8s des personnes par le biais du formulaire de contact ne sauraient \u00eatre divulgu\u00e9es \u00e0 des personnes autres que celles composant notre collectivit\u00e9. Toutefois, tel que l\u2019exige la loi Informatique et Libert\u00e9s nous vous informons que vos r\u00e9ponses sont facultatives et que le d\u00e9faut de r\u00e9ponse n\u2019entra\u00eenera aucune cons\u00e9quence particuli\u00e8re. N\u00e9anmoins, vos r\u00e9ponses doivent \u00eatre suffisantes pour nous permettre de traiter l\u2019information.<\/p><p class=\"font_8\">\u200b<\/p><p class=\"font_8\"><strong>CONTREFA\u00c7ON\u200b<\/strong><\/p><p class=\"font_8\">Toute reproduction ou repr\u00e9sentation, en tout ou partie, \u00e0 d\u2019autres fins sur un quelconque support est interdite. Le non-respect de cette interdiction constitue une contrefa\u00e7on pouvant engager la responsabilit\u00e9 civile et p\u00e9nale du contrefacteur. Les informations contenues dans ce service sont non contractuelles et sujettes \u00e0 modification sans pr\u00e9avis.<\/p><p class=\"font_8\"><span class=\"wixGuard\">\u200b<\/span>\u200b<\/p><p class=\"font_8\"><strong>POLITIQUE DE CONFIDENTIALIT\u00c9\u00a0<\/strong><\/p><p class=\"font_8\"><strong>INTRODUCTION<\/strong><\/p><p class=\"font_8\">Nous nous engageons \u00e0 respecter la vie priv\u00e9e des utilisateurs visitant notre site et qui entrent en contact avec nous. C\u2019est pourquoi nous nous conformons aux r\u00e8gles sur la protection des donn\u00e9es en vigueur, r\u00e8gles garantissant votre bien-\u00eatre sur internet. En lisant les quelques points ci-dessous vous comprendrez les donn\u00e9es que nous collectons, comment nous le faisons et pourquoi. Nous vous informons \u00e9galement comment modifier ou supprimer ces donn\u00e9es \u00e0 tout moment.<\/p><p class=\"font_8\">\u200b<\/p><p class=\"font_8\"><strong>D\u00c9FINITION DONN\u00c9ES PERSONNELLES<\/strong><\/p><p class=\"font_8\">Une donn\u00e9e personnelle est une information identifiants de mani\u00e8re directe ou indirecte une personne physique (Par exemple : Nom, num\u00e9ro d\u2019immatriculation, num\u00e9ro de t\u00e9l\u00e9phone, date de naissance, photographie, empreinte digital, adresse..)<\/p><p class=\"font_8\">\u200b<\/p><p class=\"font_8\"><strong>COLLECTE DE L&rsquo;INFORMATION\u200b<\/strong><\/p><p class=\"font_8\">Nous ne recueillons que les informations que vous choisissez de nous transmettre. Il peut s\u2019agir de vos nom, pr\u00e9nom, num\u00e9ro de t\u00e9l\u00e9phone et adresse email, indiqu\u00e9s notamment lorsque vous formulez une demande via le formulaire de contact. En y proc\u00e9dant, vous consentez \u00e0 notre Politique de confidentialit\u00e9.<\/p><p class=\"font_8\">\u200b<\/p><p class=\"font_8\"><strong>UTILISATION DE L&rsquo;INFORMATION<\/strong><\/p><p class=\"font_8\">Nous collectons vos donn\u00e9es pour non seulement r\u00e9pondre \u00e0 vos requ\u00eates, mais aussi pour personnaliser votre exp\u00e9rience sur notre site que nous am\u00e9liorerons gr\u00e2ce \u00e0 elles.<\/p><p class=\"font_8\">\u200b<\/p><p class=\"font_8\"><strong>DIVULGATION A DES TIERS<\/strong><\/p><p class=\"font_8\">Nous ne vendons, n\u2019\u00e9changeons et ne transf\u00e9rons pas vos informations personnelles \u00e0 des tiers.\u00a0<\/p><p class=\"font_8\">\u200b<\/p><p class=\"font_8\"><strong>PROTECTION DE L&rsquo;INFORMATION\u200b<\/strong><\/p><p class=\"font_8\">Les ordinateurs et serveurs utilis\u00e9s pour stocker des informations personnelles sont conserv\u00e9s dans un environnement s\u00e9curis\u00e9.\u00a0<\/p><p class=\"font_8\">\u200b<\/p><p class=\"font_8\"><strong>UTILISATION DES COOKIES<\/strong><\/p><p class=\"font_8\">Les cookies am\u00e9liorent l\u2019acc\u00e8s \u00e0 un site et permettent d\u2019identifier les visiteurs r\u00e9guliers. Ils am\u00e9liorent ainsi l\u2019exp\u00e9rience de l\u2019utilisateur gr\u00e2ce au suivi et au ciblage de ses int\u00e9r\u00eats. Cependant, il ne sont en aucune fa\u00e7on li\u00e9e \u00e0 des informations personnelles sur les visiteurs.<\/p><p class=\"font_8\">Sur notre site, nous n\u2019utilisons pas de cookies.<\/p><p class=\"font_8\">\u200b<\/p><p class=\"font_8\"><strong>MODIFICATION OU SUPPRESSION DE VOS DONN\u00c9ES<\/strong><\/p><p class=\"font_8\">Sachez qu\u2019\u00e0 tout moment, vous avez le droit de modifier ou supprimer des informations vous concernant, ainsi que de d\u00e9finir leur utilisation qui peut en \u00eatre faite. Pour cela contactez-nous \u00e0 l&rsquo;adresse vignoblescarteyron@orange.fr<\/p><p class=\"font_8\">\u200b<\/p><p class=\"font_8\"><strong>BASE L\u00c9GALE\u200b<\/strong><\/p><p class=\"font_8\">La pr\u00e9sente d\u00e9claration de confidentialit\u00e9 repose sur la\u00a0<a href=\"https:\/\/www.legifrance.gouv.fr\/eli\/loi\/2018\/6\/20\/JUSC1732261L\/jo\/texte\" target=\"_blank\" rel=\"noopener\">loi du 20 juin 2018<\/a>\u00a0et tient \u00e9galement compte du\u00a0<a href=\"https:\/\/eur-lex.europa.eu\/legal-content\/FR\/TXT\/?uri=CELEX%253A32016R0679\" target=\"_blank\" rel=\"noopener\">R\u00e8glement g\u00e9n\u00e9ral de protection des donn\u00e9es (RGPD)<\/a>\u00a0de l\u2019Union europ\u00e9enne.<\/p><p class=\"font_8\">\u200b<\/p><p class=\"font_8\"><strong>CONTACT<\/strong><\/p><p class=\"font_8\">Pour un renseignement au sujet de notre Politique de confidentialit\u00e9, ainsi que pour toute demande de modification et\/ou suppression de vos donn\u00e9es personnelles, vous pouvez nous contacter par email \u00e0 vignoblescarteyron@orange.fr\u00a0<\/p>\t\t\t\t\t\t\t\t<\/div>\n\t\t\t\t<\/div>\n\t\t\t\t\t<\/div>\n\t\t<\/div>\n\t\t\t\t\t<\/div>\n\t\t<\/section>\n\t\t\t\t<\/div>","protected":false},"excerpt":{"rendered":"<p>Mentions l\u00e9gales DIRECTION PUBLICATION GFA CHATEAU PENIN Couponne, 33420 G\u00e9nissac Num\u00e9ro de siret : 40913846800015 vignoblescarteyron@orange.fr\u00a0 05 57 24 46 98 \u200b \u200b DIRECTION ARTISTIQUE ET H\u00c9BERGEMENT\u200b Site r\u00e9alis\u00e9 et h\u00e9berg\u00e9 par l\u2019agence ELAB 16 Cours du G\u00e9n\u00e9ral De Gaulle 33170 Gradignan\u00a0 \u200b LOI INFORMATIQUE ET LIBERT\u00c9S Conform\u00e9ment \u00e0 la loi Informatique et libert\u00e9s du [&hellip;]<\/p>","protected":false},"author":2,"featured_media":0,"parent":0,"menu_order":0,"comment_status":"closed","ping_status":"closed","template":"elementor_header_footer","meta":{"_seopress_robots_primary_cat":"","_seopress_titles_title":"","_seopress_titles_desc":"","_seopress_robots_index":"","footnotes":""},"class_list":["post-5189","page","type-page","status-publish","hentry"],"_links":{"self":[{"href":"https:\/\/chateaupenin.com\/en\/wp-json\/wp\/v2\/pages\/5189","targetHints":{"allow":["GET"]}}],"collection":[{"href":"https:\/\/chateaupenin.com\/en\/wp-json\/wp\/v2\/pages"}],"about":[{"href":"https:\/\/chateaupenin.com\/en\/wp-json\/wp\/v2\/types\/page"}],"author":[{"embeddable":true,"href":"https:\/\/chateaupenin.com\/en\/wp-json\/wp\/v2\/users\/2"}],"replies":[{"embeddable":true,"href":"https:\/\/chateaupenin.com\/en\/wp-json\/wp\/v2\/comments?post=5189"}],"version-history":[{"count":26,"href":"https:\/\/chateaupenin.com\/en\/wp-json\/wp\/v2\/pages\/5189\/revisions"}],"predecessor-version":[{"id":5933,"href":"https:\/\/chateaupenin.com\/en\/wp-json\/wp\/v2\/pages\/5189\/revisions\/5933"}],"wp:attachment":[{"href":"https:\/\/chateaupenin.com\/en\/wp-json\/wp\/v2\/media?parent=5189"}],"curies":[{"name":"wp","href":"https:\/\/api.w.org\/{rel}","templated":true}]}}